{"id":410,"date":"2023-09-28T16:23:58","date_gmt":"2023-09-28T16:23:58","guid":{"rendered":"https:\/\/enmioficina.cl\/?page_id=410"},"modified":"2023-09-28T16:23:58","modified_gmt":"2023-09-28T16:23:58","slug":"preguntas-frecuentes","status":"publish","type":"page","link":"https:\/\/enmioficina.cl\/?page_id=410","title":{"rendered":"Preguntas Frecuentes"},"content":{"rendered":"<p>[et_pb_section fb_built=\u00bb1&#8243; admin_label=\u00bbServices\u00bb _builder_version=\u00bb4.21.2&#8243; _module_preset=\u00bbdefault\u00bb locked=\u00bboff\u00bb collapsed=\u00bbon\u00bb global_colors_info=\u00bb{}\u00bb theme_builder_area=\u00bbpost_content\u00bb][et_pb_row _builder_version=\u00bb4.21.0&#8243; _module_preset=\u00bbdefault\u00bb global_colors_info=\u00bb{}\u00bb theme_builder_area=\u00bbpost_content\u00bb][et_pb_column type=\u00bb4_4&#8243; _builder_version=\u00bb4.21.0&#8243; _module_preset=\u00bbdefault\u00bb global_colors_info=\u00bb{}\u00bb theme_builder_area=\u00bbpost_content\u00bb][et_pb_text _builder_version=\u00bb4.19.5&#8243; _module_preset=\u00bbb76b68d7-34c4-4366-a496-59aaa848d6b4&#8243; locked=\u00bboff\u00bb global_colors_info=\u00bb{}\u00bb theme_builder_area=\u00bbpost_content\u00bb]<\/p>\n<h2>Preguntas Frecuentes<\/h2>\n<p>[\/et_pb_text][et_pb_accordion _builder_version=\u00bb4.21.2&#8243; _module_preset=\u00bbdefault\u00bb background_color=\u00bbRGBA(255,255,255,0)\u00bb border_radii=\u00bbon|20px|20px|20px|20px\u00bb box_shadow_style=\u00bbpreset3&#8243; global_colors_info=\u00bb{}\u00bb theme_builder_area=\u00bbpost_content\u00bb][et_pb_accordion_item title=\u00bb\u00bfC\u00f3mo puedo arrendar por periodos largos (m\u00e1s de 3 meses)?\u00bb open=\u00bbon\u00bb _builder_version=\u00bb4.21.2&#8243; _module_preset=\u00bbdefault\u00bb background_color=\u00bb#1FD7E0&#8243; background_enable_color=\u00bbon\u00bb global_colors_info=\u00bb{}\u00bb toggle_font=\u00bb|700|||||||\u00bb theme_builder_area=\u00bbpost_content\u00bb]<\/p>\n<p><strong><span style=\"color: #ffffff;\">\u00b7 Se puede solicitar a trav\u00e9s del whatsapp de contacto<\/span><\/strong><\/p>\n<p>[\/et_pb_accordion_item][et_pb_accordion_item title=\u00bb\u00bfC\u00f3mo entro a la oficina?\u00bb _builder_version=\u00bb4.21.2&#8243; _module_preset=\u00bbdefault\u00bb background_color=\u00bb#1FD7E0&#8243; background_enable_color=\u00bbon\u00bb global_colors_info=\u00bb{}\u00bb toggle_font=\u00bbMontserrat|700|||||||\u00bb theme_builder_area=\u00bbpost_content\u00bb open=\u00bboff\u00bb]<\/p>\n<p><span style=\"color: #ffffff;\"><strong>\u00b7 La oficina cuenta con chapa digital de seguridad para lo cual tienes que tocar la pantalla y digitar el c\u00f3digo de ingreso que se entrega al momento de reservar.<\/strong><\/span><\/p>\n<p>[\/et_pb_accordion_item][et_pb_accordion_item title=\u00bb\u00bfQu\u00e9 pasa si la chapa digital no funciona?\u00bb open_toggle_text_color=\u00bb#000000&#8243; icon_color=\u00bb#1FD7E0&#8243; toggle_icon=\u00bb&#x5a;||divi||400&#8243; _builder_version=\u00bb4.21.2&#8243; _module_preset=\u00bbdefault\u00bb background_color=\u00bb#1FD7E0&#8243; background_enable_color=\u00bbon\u00bb global_colors_info=\u00bb{}\u00bb toggle_font=\u00bbMontserrat|700|||||||\u00bb content__hover_enabled=\u00bbon|desktop\u00bb content__hover=\u00bb<\/p>\n<p>Your content goes here. Edit or remove this text inline or in the module Content settings. You can also style every aspect of this content in the module Design settings and even apply custom CSS to this text in the module Advanced settings.<\/p>\n<p>\u00bb theme_builder_area=\u00bbpost_content\u00bb open=\u00bboff\u00bb]<\/p>\n<p><span style=\"color: #ffffff;\"><strong>\u00b7 Puedes escribir a nuestro whatsapp para darte las instrucciones para abrir la puerta y entres sin problemas<\/strong><\/span><\/p>\n<p>[\/et_pb_accordion_item][et_pb_accordion_item title=\u00bb\u00bfC\u00f3mo entro al estacionamiento privado?\u00bb _builder_version=\u00bb4.21.2&#8243; _module_preset=\u00bbdefault\u00bb background_color=\u00bb#1fd7e0&#8243; background_enable_color=\u00bbon\u00bb global_colors_info=\u00bb{}\u00bb toggle_font=\u00bbMontserrat|700|||||||\u00bb theme_builder_area=\u00bbpost_content\u00bb open=\u00bboff\u00bb]<\/p>\n<p><span style=\"color: #ffffff;\"><strong>\u00b7 Debes avisar en el cit\u00f3fono de conserjer\u00eda al llegar al estacionamiento para su recepci\u00f3n y apertura de puerta.<\/strong><\/span><\/p>\n<p>[\/et_pb_accordion_item][et_pb_accordion_item title=\u00bb\u00bfC\u00f3mo funciona el estacionamiento westmart parking para los clientes\/usuarios? \u00bb _builder_version=\u00bb4.21.2&#8243; _module_preset=\u00bbdefault\u00bb background_color=\u00bb#1fd7e0&#8243; background_enable_color=\u00bbon\u00bb global_colors_info=\u00bb{}\u00bb toggle_font=\u00bbMontserrat|700|||||||\u00bb theme_builder_area=\u00bbpost_content\u00bb open=\u00bboff\u00bb]<\/p>\n<p><span style=\"color: #ffffff;\"><strong>\u00b7 Debes avisarles a tus usuarios que bajen la aplicaci\u00f3n de westmart parking para que de esta manera se abra la puerta del estacionamiento de manera autom\u00e1tica<\/strong><\/span><\/p>\n<p>[\/et_pb_accordion_item][\/et_pb_accordion][\/et_pb_column][\/et_pb_row][\/et_pb_section]<\/p>\n","protected":false},"excerpt":{"rendered":"<p>Preguntas Frecuentes\u00b7 Se puede solicitar a trav\u00e9s del whatsapp de contacto\u00b7 La oficina cuenta con chapa digital de seguridad para lo cual tienes que tocar la pantalla y digitar el c\u00f3digo de ingreso que se entrega al momento de reservar.\u00b7 Puedes escribir a nuestro whatsapp para darte las instrucciones para abrir la puerta y entres [&hellip;]<\/p>\n","protected":false},"author":1,"featured_media":0,"parent":0,"menu_order":0,"comment_status":"closed","ping_status":"closed","template":"","meta":{"_et_pb_use_builder":"on","_et_pb_old_content":"","_et_gb_content_width":"","footnotes":""},"class_list":["post-410","page","type-page","status-publish","hentry"],"_links":{"self":[{"href":"https:\/\/enmioficina.cl\/index.php?rest_route=\/wp\/v2\/pages\/410","targetHints":{"allow":["GET"]}}],"collection":[{"href":"https:\/\/enmioficina.cl\/index.php?rest_route=\/wp\/v2\/pages"}],"about":[{"href":"https:\/\/enmioficina.cl\/index.php?rest_route=\/wp\/v2\/types\/page"}],"author":[{"embeddable":true,"href":"https:\/\/enmioficina.cl\/index.php?rest_route=\/wp\/v2\/users\/1"}],"replies":[{"embeddable":true,"href":"https:\/\/enmioficina.cl\/index.php?rest_route=%2Fwp%2Fv2%2Fcomments&post=410"}],"version-history":[{"count":2,"href":"https:\/\/enmioficina.cl\/index.php?rest_route=\/wp\/v2\/pages\/410\/revisions"}],"predecessor-version":[{"id":412,"href":"https:\/\/enmioficina.cl\/index.php?rest_route=\/wp\/v2\/pages\/410\/revisions\/412"}],"wp:attachment":[{"href":"https:\/\/enmioficina.cl\/index.php?rest_route=%2Fwp%2Fv2%2Fmedia&parent=410"}],"curies":[{"name":"wp","href":"https:\/\/api.w.org\/{rel}","templated":true}]}}